{"id":5,"date":"2020-12-14T11:25:57","date_gmt":"2020-12-14T11:25:57","guid":{"rendered":"https:\/\/bc-bf.de\/?page_id=5"},"modified":"2020-12-14T11:30:43","modified_gmt":"2020-12-14T11:30:43","slug":"datenschutz","status":"publish","type":"page","link":"https:\/\/bc-bf.de\/?page_id=5","title":{"rendered":"Datenschutz"},"content":{"rendered":"\n<h3>PROTOKOLLIERUNG:<\/h3>\n\n\n\n<p>Wenn Sie diese oder andere Internetseiten aufrufen, \u00fcbermitteln Sie \u00fcber Ihren Internetbrowser Daten an unseren Webserver. Die folgenden Daten werden w\u00e4hrend einer laufenden Verbindung zur Kommunikation zwischen Ihrem Internetbrowser und unserem Webserver aufgezeichnet:<\/p>\n\n\n\n<ul><li>Datum und Uhrzeit der Anforderung<\/li><li>Name der angeforderten Datei<\/li><li>Seite, von der aus die Datei angefordert wurde<\/li><li>Zugriffsstatus (Datei \u00fcbertragen, Datei nicht gefunden, etc.)<\/li><li>verwendete Webbrowser und verwendetes Betriebssystem<\/li><li>vollst\u00e4ndige IP-Adresse des anfordernden Rechners<\/li><li>\u00fcbertragene Datenmenge<\/li><\/ul>\n\n\n\n<p>Aus Gr\u00fcnden der technischen Sicherheit, insbesondere zur Abwehr von Angriffsversuchen auf den Webserver, werden diese Daten gespeichert. Die Daten werden monatlich gel\u00f6scht und werden ausschlie\u00dflich zu o.g. Zweck und nur nach Anforderung verarbeitet. Ein Abgleich mit anderen Datenbest\u00e4nden oder eine Weitergabe an Dritte, auch in Ausz\u00fcgen, findet nicht statt.<\/p>\n\n\n\n<h3>COOKIES:<\/h3>\n\n\n\n<p>Wir setzen und verwenden keine Cookies.<\/p>\n\n\n\n<h3>AKTIVE KOMPONENTEN:<\/h3>\n\n\n\n<p>Im Informationsangebot der ver\u00f6ffentlichenden Beh\u00f6rde werden aktive Komponenten wie Javascript, Java-Applets oder Active-X-Controls verwendet. Diese Funktion kann durch die Einstellung Ihres Internetbrowsers von Ihnen abgeschaltet werden.<\/p>\n\n\n\n<h3>ERHEBUNG VON DATEN:<\/h3>\n\n\n\n<p>In unserem Angebot besteht die M\u00f6glichkeit zur Eingabe pers\u00f6nlicher oder gesch\u00e4ftlicher Daten. Die Preisgabe dieser Daten geschieht von Seiten des Nutzers ausdr\u00fccklich auf freiwilliger Basis. Ihre Daten werden dabei auf dem Transport unter Verwendung einer Software (SSL) verschl\u00fcsselt und sind vor einer Kenntnisnahme durch Dritte gesch\u00fctzt. Die Nutzung der angebotenen Dienste ist auch ohne Angabe solcher Daten bzw. anonym oder mit einem Pseudonym m\u00f6glich (soweit technisch m\u00f6glich bzw. zumutbar)<\/p>\n\n\n\n<h3>ELEKTRONISCHE POST (E-MAIL):<\/h3>\n\n\n\n<p>Informationen, die Sie per Elektronische Post (E-Mail) an uns senden, k\u00f6nnen m\u00f6glicherweise auf dem \u00dcbertragungsweg von Dritten gelesen werden. Wir k\u00f6nnen in der Regel auch Ihre Identit\u00e4t nicht \u00fcberpr\u00fcfen und wissen nicht, wer sich hinter einer E-Mail-Adresse verbirgt. Eine rechtssichere Kommunikation durch einfache E-Mail ist daher nicht gew\u00e4hrleistet. Wir setzen &#8211; wie viele E-Mail-Anbieter &#8211; Filter gegen unerw\u00fcnschte Werbung (\u0084SPAM-Filter\u0093) ein, die in seltenen F\u00e4llen auch normale E-Mails f\u00e4lschlicherweise automatisch als unerw\u00fcnschte Werbung einordnen und l\u00f6schen. E-Mails, die sch\u00e4digende Programme (\u0084Viren\u0093) enthalten, werden von uns in jedem Fall automatisch gel\u00f6scht.<br>Die Gemeinde Unterhaching weist darauf hin, dass die rechtsverbindliche Entgegennahme von elektronisch signierten sowie verschl\u00fcsselten elektronischen Dokumenten ausgeschlossen ist. Damit wird aber nur der Zugang f\u00fcr diese spezielle Form der elektronischen Dokumente ausgeschlossen. Formlose eMails werden weiterhin angenommen.<\/p>\n\n\n\n<h3>ANSPRECHPARTNER UND WEITERE INFORMATIONEN:<\/h3>\n\n\n\n<p>Wenn Sie noch Fragen zum Datenschutz im Zusammenhang mit dieser Internetseite haben, k\u00f6nnen Sie sich an die Datenschutzbeauftragte der Gemeinde Unterhaching, Frau Michaela Schechinger, wenden.<br>Weitere Informationen zum Thema Datenschutz finden Sie auch auf den Internetseiten des Bayerischen Landesbeauftragten f\u00fcr den Datenschutz (<a href=\"http:\/\/www.datenschutz-bayern.de\/\" target=\"_blank\" rel=\"noreferrer noopener\">www.datenschutz-bayern.de<\/a>).<\/p>\n","protected":false},"excerpt":{"rendered":"<p>PROTOKOLLIERUNG: Wenn Sie diese oder andere Internetseiten aufrufen, \u00fcbermitteln Sie \u00fcber Ihren Internetbrowser Daten an unseren Webserver. Die folgenden Daten werden w\u00e4hrend einer laufenden Verbindung zur Kommunikation zwischen Ihrem Internetbrowser und unserem Webserver aufgezeichnet: Datum und Uhrzeit der Anforderung Name der angeforderten Datei Seite, von der aus die Datei angefordert wurde Zugriffsstatus (Datei \u00fcbertragen, Datei&hellip; <br \/> <a class=\"read-more\" href=\"https:\/\/bc-bf.de\/?page_id=5\">Weiterlesen<\/a><\/p>\n","protected":false},"author":1,"featured_media":0,"parent":0,"menu_order":0,"comment_status":"closed","ping_status":"closed","template":"","meta":[],"_links":{"self":[{"href":"https:\/\/bc-bf.de\/index.php?rest_route=\/wp\/v2\/pages\/5"}],"collection":[{"href":"https:\/\/bc-bf.de\/index.php?rest_route=\/wp\/v2\/pages"}],"about":[{"href":"https:\/\/bc-bf.de\/index.php?rest_route=\/wp\/v2\/types\/page"}],"author":[{"embeddable":true,"href":"https:\/\/bc-bf.de\/index.php?rest_route=\/wp\/v2\/users\/1"}],"replies":[{"embeddable":true,"href":"https:\/\/bc-bf.de\/index.php?rest_route=%2Fwp%2Fv2%2Fcomments&post=5"}],"version-history":[{"count":2,"href":"https:\/\/bc-bf.de\/index.php?rest_route=\/wp\/v2\/pages\/5\/revisions"}],"predecessor-version":[{"id":12,"href":"https:\/\/bc-bf.de\/index.php?rest_route=\/wp\/v2\/pages\/5\/revisions\/12"}],"wp:attachment":[{"href":"https:\/\/bc-bf.de\/index.php?rest_route=%2Fwp%2Fv2%2Fmedia&parent=5"}],"curies":[{"name":"wp","href":"https:\/\/api.w.org\/{rel}","templated":true}]}}