{"id":106,"date":"2020-12-30T11:04:30","date_gmt":"2020-12-30T11:04:30","guid":{"rendered":"https:\/\/bc-bf.de\/?page_id=106"},"modified":"2023-07-24T08:57:23","modified_gmt":"2023-07-24T08:57:23","slug":"aktuelles","status":"publish","type":"page","link":"https:\/\/bc-bf.de\/?page_id=106","title":{"rendered":"Aktuelles"},"content":{"rendered":"\n<h2 class=\"wp-block-heading\">22.07.2023 Bayerische Bobanschubmeisterschaft Ohlstadt 2023<\/h2>\n\n\n\n<p>Am 22.07.23 fanden zum dritten Mal die offenen bayerischen Bobanschubmeisterschaften in Ohlstadt statt. Dabei wurde das breite Teilnehmerfeld in diesem Jahr von zahlreichen Fans, Interessierten und Schaulustigen unterst\u00fctzt. Wie auch in den Vorjahren gab es f\u00fcr die Podestpl\u00e4tze Sachgeschenke und Geldpr\u00e4mien f\u00fcr Neueinsteiger. Neben den bayerischen Athletinnen und Athleten reiste auch ein Viererteam aus Tschechien an und konnte mit starken Leistungen \u00fcberzeugen.<br>Tobias Dostthaler gelang es, sich in dem leistungsstarken Feld zu behaupten. Im Zweieranschub erreichte er mit seinem Teamkollegen Paul Walschburger den 3. Platz (5,19s \/ 5,03s) hinter dem Team aus Tschechien (5,05s \/ 5,03s) und dem Team Pihale \/ Bauer (5,06s \/ 6,06s). Im Viereranschub erreichte er gemeinsam mit Paul Walschburger, Alexander Schaller und Sebastian Beck den 1.Platz (5,39s \/ 5,22s) vor dem Team aus Tschechien (5,33s \/ 5,38s) und dem Mixed Team Filipski, Constantin, Brendel und Kupsch (5,38s \/ 6,0s).<\/p>\n\n\n\n<p><strong>Hier gehts zu den Ergebnislisten<\/strong><\/p>\n\n\n\n<p><a href=\"https:\/\/bc-bf.de\/wp-content\/uploads\/2023\/07\/20230722-EGL-BayM-Damen-Einzel.jpeg\">Damen Einzel<\/a><\/p>\n\n\n\n<p><a href=\"https:\/\/bc-bf.de\/wp-content\/uploads\/2023\/07\/20230722-EGL-BayM-Damen-2er..jpeg\" data-type=\"URL\" data-id=\"https:\/\/bc-bf.de\/wp-content\/uploads\/2023\/07\/20230722-EGL-BayM-Damen-2er..jpeg\">Damen 2er<\/a><\/p>\n\n\n\n<p><a href=\"https:\/\/bc-bf.de\/wp-content\/uploads\/2023\/07\/20230722-EGL-BayM-HErren-Eizel..jpeg\">Herren Einzelanschub<\/a><\/p>\n\n\n\n<p><a href=\"https:\/\/bc-bf.de\/wp-content\/uploads\/2023\/07\/20230722-EGL-BayM-Herren-2er..jpeg\">Herren 2er<\/a><\/p>\n\n\n\n<p><a href=\"https:\/\/bc-bf.de\/wp-content\/uploads\/2023\/07\/20230722-EGL-BayM-Herren-4er.jpeg\">Herren 4er<\/a><\/p>\n\n\n\n<p><\/p>\n\n\n\n<p><a href=\"https:\/\/bc-bf.de\/?page_id=350(\u00f6ffnet in neuem Tab)\">Bilder vom Wettkampf<\/a><\/p>\n\n\n\n\n\n<p><\/p>\n\n\n\n<h2 class=\"wp-block-heading\">15.07.2023 BC Bad Feilnbach Gastgeber der 76. GENERALVERSAMMLUNG des BBSV<\/h2>\n\n\n\n<p>Am Samstag, 15. Juli 2023, war der BC Bad Feilnbach Gastgeber der 76. Generalversammlung des Bay. Bob- und Schlittenverbandes e.V. (BBSV).<\/p>\n\n\n\n<p>Schon am Vortag war das 6-k\u00f6pfige Pr\u00e4sidium unter der Vorstandschaft von Hans-Wolf von Schleinitz zur Tagung beim Kistlerwirt zusammengekommen. Am Samstag waren dann alle 16 Mitgliedsvereine angereist, um mit dem TSV Eckersm\u00fchlen das 17. Mitglied im BBSV-Landesverband zu begr\u00fc\u00dfen und die Generalversammlung 2023 abzuhalten.<\/p>\n\n\n\n<p>Im Rahmen dieser Veranstaltung wurde der Rennrodler und Olympiasieger im Doppelsitzer von 1984 in Sarajevo Hans Stangassinger <a href=\"https:\/\/bc-bf.de\/wp-content\/uploads\/2023\/07\/GV3klein-scaled.jpg\" data-type=\"URL\" data-id=\"https:\/\/bc-bf.de\/wp-content\/uploads\/2023\/07\/GV3klein-scaled.jpg\">(FOTO von links nach rechts: Wolgang Dostthaler BBSV Vizepr\u00e4sident Sport, Hans Stangassinger Olympiasieger 1984, Max Burkhartswieser Vorstand RC Berchtesgaden)<\/a> aus Berchtesgaden f\u00fcr seine Verdienste um den Rodelsport geehrt und mit der goldenen Ehrennadel des BBSV ausgezeichnet.<\/p>\n\n\n\n<p>In seinem Jahresbericht bedankte sich von Schleinitz f\u00fcr die gute Zusammenarbeit im Pr\u00e4sidium und vor allem beim Gesch\u00e4ftsstellenleiter Dr. Andr\u00e9 Sander. Ihm war es gelungen, durch neue Ideen mit Projekten und Antr\u00e4gen zus\u00e4tzliche finanzielle Mittel zu generieren, so dass 2022 erstmal die 1 Mio. Budget-Grenze geknackt wurde. Auch wenn die finanzielle Lage des BBSV aktuell auf gesunden Beinen steht, darf nicht \u00fcbersehen werden, dass sich der Sport weltweit in einer Sinnkrise befindet, so die Einsch\u00e4tzung des Verbandsvorsitzenden. \u201eSport hat auch immer mit Emotionen zu tun\u201c, doch bei Vetternwirtschaft und Kommerzialisierung des Sports, Durchf\u00fchrung der Olympischen Spiele nur noch in totalit\u00e4ren Staaten und die \u00dcbertragung der Sportereignisse fast ausschlie\u00dflich auf Bezahlsendern, da bleiben Emotionen und das Wir-Gef\u00fchl beim gemeinsam Mitzittern auf der Couch f\u00fcr die eigene Nation bei der breiten Bev\u00f6lkerung auf der Strecke, was Studien beweisen. Bei der jungen Generation konkurriert der Sport gegen Influencer + Co. und auch das Klimathema pr\u00e4gt den Sport im Allgemeinen negativ und den Wintersport im Speziellen. So wundert es nicht, dass die wenigsten Menschen noch hinter den gro\u00dfen Sportereignissen stehen. Doch auch etwas Positives kann der Pr\u00e4sident des BBSV der aktuellen Situation abgewinnen: Im Nachwuchsbereich ist der Landesverband der erfolgreichste, da die Sportler notgedrungen auf vielen verschiedenen Bahnen trainieren m\u00fcssen, was offenbar die Fahrleistung erh\u00f6ht.<\/p>\n\n\n\n<p>Gesch\u00e4ftsstellenleiter Dr. A. Sander stellte in seiner Saisonanalyse 2022\/2023 die errungenen Erfolge, sowie die aktuelle sportliche Situation dar. Die wichtigste Aufgabe des BBSV sieht er in der B\u00fcndelung aller Mittel und M\u00f6glichkeiten zur Aufrechterhaltung der Nachwuchsentwicklung. Das Hauptaugenmerk wird in der Zukunft verst\u00e4rkt auf die Talentsichtung gelegt. Zielsetzung f\u00fcr die jeweiligen Sportarten: <strong>Rennrodeln<\/strong> Jugend D + C insgesamt 40 Kinder, <strong>Skeleton<\/strong> jeweils 10 m\u00e4nnl. + weibl. Sportler im Alter von 8-13 Jahren, <strong>Bob <\/strong>3 Herren- und 2 Damenteams im Alter von 15-21 Jahren. Die Sportf\u00f6rderung in Bayern konnte f\u00fcr 2023 auf dem bisherigen Niveau stabilisiert werden. Durch die Staatsmittelf\u00f6rderung und die enge Zusammenarbeit mit dem BLSV blickt der BBSV hier zuversichtlich in die Zukunft.<\/p>\n\n\n\n<p>Der Hundeschlittensport ist ebenfalls eine Sparte im BBSV. Detlev Oyen, Vizeweltmeister in der Klasse MD12, berichtete \u00fcber die sehr erfolgreiche Saison 2022\/23 der bay. Athleten, welche unter manch schwierigen Bedingungen teilweise wochenlang in Skandinavien und den franz\u00f6sischen Alpen mit Ihren Vierbeinern in einem Camper unterwegs waren.<\/p>\n\n\n\n<p><strong>Deutscher Meister<\/strong> \u201e8 Hundeklasse off snow\u201c: J\u00fcrgen Oberheim<\/p>\n\n\n\n<p><strong>1x WM-Silber<\/strong> \u201eKMD12\u201c: Detlev Oyen<\/p>\n\n\n\n<p><strong>1x WM-Bronze<\/strong> \u201eNorway Trail\u201c: Sylvia Ulrich (4. Detlev Oyen, 5. Martin Dickel)<\/p>\n\n\n\n<p>Weitere Themen der Generalversammlung waren die Generierung von mind. 5 gro\u00dfen Sponsoring-Vertr\u00e4gen, um f\u00fcr eine stabile Haushaltslage des Vereins zu sorgen und die Weiterf\u00fchrung der bestehenden Kooperationen mit den Bobverb\u00e4nden aus Baden-W\u00fcrttemberg und Sachsen-Anhalt, sowie zuk\u00fcnftig mit dem Bayerischen Turnverband. International haben sich die Verb\u00e4nde auf eine Verschiebung des Wettkampfkalenders und somit der sp\u00e4teren Vereisung der Kunsteisbahnen in Europa und Nordamerika geeinigt.<\/p>\n\n\n\n<p>Nach dem Bericht der Jugendwartin Maria Lochner, dem Finanzbericht der Vizepr\u00e4sidentin Barbara Schr\u00f6dl und dem Bericht der Kassenpr\u00fcfer wurde das Pr\u00e4sidium einstimmig entlastet.<\/p>\n\n\n\n<p>WM-Ergebnisse 2022\/2023:<\/p>\n\n\n\n<p><strong>1x Gold&nbsp; <\/strong>&nbsp;&nbsp;&nbsp;&nbsp;&nbsp;&nbsp;&nbsp;&nbsp;Rodeln Einsitzer Damen: Anna Berreiter<\/p>\n\n\n\n<p><strong>1x Bronze<\/strong>&nbsp;&nbsp;&nbsp;&nbsp;&nbsp; Rodeln Einsitzer Damen: Dajana Eitberger<\/p>\n\n\n\n<p><strong>1x Silber<\/strong>&nbsp;&nbsp;&nbsp;&nbsp;&nbsp;&nbsp;&nbsp; Rodeln Doppelsitzer: Wendl\/Arlt<\/p>\n\n\n\n<p><strong>1x Gold<\/strong>&nbsp;&nbsp;&nbsp;&nbsp;&nbsp;&nbsp;&nbsp;&nbsp; Team-Staffel Rodeln: Anna Berreiter<\/p>\n\n\n\n<p><strong>1x Gold<\/strong>&nbsp;&nbsp;&nbsp;&nbsp;&nbsp;&nbsp;&nbsp;&nbsp; Bob 2er Herren: Team Lochner<\/p>\n\n\n\n<p><\/p>\n\n\n\n<p><\/p>\n\n\n\n<p><\/p>\n\n\n\n<p><\/p>\n\n\n\n<p><\/p>\n\n\n\n<p>.<\/p>\n\n\n\n<p style=\"font-size:24px\"><strong>Auftakt der Bob Saison 2022\/23 nur aufgeschoben, aber nicht aufgehoben.<\/strong><\/p>\n\n\n\n<p>Der Winter hat noch nicht begonnen, da wird es im Eiskanal das erste Mal richtig hei\u00df.<\/p>\n\n\n\n<p>Die erste Entscheidung auf der Bobbahn in Winterberg konnte auf Grund von technischen Schwierigkeiten an der K\u00fchlanlage in der vergangenen Woche nicht stattfinden.<\/p>\n\n\n\n<p>Daher begeben sich die deutschen Bob Athleten an diesem Wochenende zur ersten Ausscheidung an die Kunsteisbahn nach Altenberg.<\/p>\n\n\n\n<p>Der BC Bad Feilnbach geht an diesem Wochenende mit einem der mannst\u00e4rksten Teams an den Start.<\/p>\n\n\n\n<p>F\u00fcr den BC Bad Feilnbach starten als Piloten unser Bronzemedaillengewinner der Olympischen Spiele in Peng Shuai Christoph Hafer und Newcomer Tobias Dostthaler.<\/p>\n\n\n\n<p>Beide wollen sich f\u00fcr die internationalen Wettk\u00e4mpfe qualifizieren.<\/p>\n\n\n\n<p>Bei Tobias geht es um die Teilnahme am Europacup, Christoph m\u00f6chte seine Leistungen der letzten Saison best\u00e4tigen und sich f\u00fcr den Weltcup empfehlen.<\/p>\n\n\n\n<p>Zu den beiden Piloten haben wir weitere Athleten am Start, die sich f\u00fcr den BC Bad Feilnbach als Bremser zeigen wollen.<\/p>\n\n\n\n<p>Kurz erkl\u00e4rt: Der Bremser ist derjenige, der den Bob am Start schnell macht. Je mehr Power beim Anschieben, umso h\u00f6her der Speed des Bobs.<\/p>\n\n\n\n<p>Der Begriff Bremser kommt noch aus der Zeit der Ostler Br\u00fcder. Damals war die Hauptaufgabe des zweiten Mannes im Bob, mit K\u00f6rpergewicht diesen schnell zu machen, und im Ziel zur richtigen Zeit die Bremse zu ziehen.<\/p>\n\n\n\n<p>Die Aufgabe des Bremsens ist den heutigen Anschiebern immer noch geblieben.<\/p>\n\n\n\n<p>Mit von der Party als Bremser sind Lukas Koller und Alexander Schaller vom BC Bad Feilnbach.<\/p>\n\n\n\n<p>Mit den vier genannten Athleten stellt der BC Bad Feilnbach gemeinsam mit BRC Th\u00fcringen und BSC Sachsen Oberb\u00e4renburg die meisten Athleten.<\/p>\n\n\n\n<p>Das l\u00e4sst f\u00fcr die Zukunft hoffen.<\/p>\n\n\n\n<p>Wer das Rennen zur<\/p>\n\n\n\n<p><strong>&nbsp;** Deutsche Meisterschaften 2er Bob &#8211; HERREN &#8211; 04.11.22 **<\/strong><\/p>\n\n\n\n<p><strong>Von 04.11.2022 13:50 Uhr bis 04.11.2022 16:20 Uhr<\/strong><\/p>\n\n\n\n<p>live erleben m\u00f6chte, kann das auf der offiziellen Website des BSD verfolgen.<\/p>\n\n\n\n<p>Schaltet Euch ab 14 Uhr ein und ihr k\u00f6nnt bei der erste offizielle Ausscheidung der deutschen Bob Teams&nbsp; mitfiebern.<\/p>\n\n\n\n<p>Wir w\u00fcnschen unseren Athleten viel Erfolg und uns allen spannende Wettk\u00e4mpfe.<\/p>\n\n\n\n<p>Klickt auf den Link und Ihr seid am Freitag 04.11.22 ab 14 Uhr und&nbsp; Mittwoch 09.11.22 ab 9 Uhr live dabei.<\/p>\n\n\n\n<p class=\"has-medium-font-size\"><strong><a href=\"https:\/\/bsd-tv.de\/#\/livestream\/index\/altenberg\" data-type=\"URL\" data-id=\"https:\/\/bsd-tv.de\/#\/livestream\/index\/altenberg\" target=\"_blank\" rel=\"noreferrer noopener\">Hier der Link zur Live \u00dcbertragung<\/a><\/strong><\/p>\n\n\n\n<p>&#8211;<\/p>\n\n\n\n<p class=\"has-medium-font-size\"><a href=\"https:\/\/bc-bf.de\/?page_id=425(\u00f6ffnet in neuem Tab)\" data-type=\"URL\" data-id=\"https:\/\/bc-bf.de\/?page_id=425(\u00f6ffnet in neuem Tab)\"><strong>Impressionen<\/strong><\/a><\/p>\n\n\n\n<p><\/p>\n\n\n\n<p><\/p>\n\n\n\n<p class=\"has-medium-font-size\"><a href=\"https:\/\/bc-bf.de\/?page_id=455\" data-type=\"URL\" data-id=\"https:\/\/bc-bf.de\/?page_id=455\"><strong>Ergebnisliste<\/strong><\/a> 2er Bob<\/p>\n\n\n\n<p><\/p>\n\n\n\n<p class=\"has-medium-font-size\"><a href=\"https:\/\/bc-bf.de\/?page_id=489\" data-type=\"URL\" data-id=\"https:\/\/bc-bf.de\/?page_id=489\"><strong>Ergebnisliste<\/strong><\/a> 4er Bob<\/p>\n\n\n\n<p><\/p>\n\n\n\n<p><\/p>\n\n\n\n<p>&#8211;<\/p>\n\n\n\n<p><\/p>\n\n\n\n<p><\/p>\n\n\n\n<p><\/p>\n\n\n\n<p><\/p>\n\n\n\n<p><\/p>\n\n\n\n<p><\/p>\n\n\n\n<p style=\"font-size:24px\"><strong><mark style=\"background-color:rgba(0, 0, 0, 0)\" class=\"has-inline-color has-black-color\">Anschubtest am 08.10.22 in Oberhof zum Saisonauftakt 2022\/23<\/mark><\/strong><\/p>\n\n\n\n<p>F\u00fcr den Bobclub Bad Feilnbach waren unser Olympiateilnehmer Christoph Hafer, sowie Youngster Tobias Dostthaler am Start.<\/p>\n\n\n\n<p>F\u00fcr beide war es ein wichtiges Datum im Trainingskalender.<\/p>\n\n\n\n<p>Christoph, der sich mitten im Saisonaufbau befindet, diente die Leistungs\u00fcberpr\u00fcfung zur Best\u00e4tigung, dass er sich auf dem richtigen sportlichen Weg befindet, bis zum Saisonstart wieder an die Weltspitze anschlie\u00dfen zu k\u00f6nnen.<\/p>\n\n\n\n<p>F\u00fcr Tobias war der Anschubtest entscheidend, um den Schritt in Richtung Europa- bzw. Weltcup zu machen.<\/p>\n\n\n\n<p>Der Bobclub Bad Feilnbach freut sich \u00fcber das gute Abschneiden seiner beiden Athleten, und \u00fcber den gelungenen Start in die Wintersaison 2022\/23.<\/p>\n\n\n\n<p><a href=\"https:\/\/bc-bf.de\/?page_id=405\">Die Ergebnisliste findet ihr hier<\/a><\/p>\n\n\n\n<p><\/p>\n\n\n\n<p><\/p>\n\n\n\n<p><\/p>\n\n\n\n<p>&#8211;<\/p>\n\n\n\n<p><\/p>\n\n\n\n<p><\/p>\n\n\n\n<p><\/p>\n\n\n\n<p><\/p>\n\n\n\n<p><\/p>\n\n\n\n<p><\/p>\n\n\n\n<h2 class=\"wp-block-heading\" style=\"font-size:24px;font-style:normal;font-weight:500\"><strong>Bay. Meisterschaft im Bob-Anschub in Ohlstadt am 02.07.22<\/strong><\/h2>\n\n\n\n<h2 class=\"has-medium-font-size wp-block-heading\"><\/h2>\n\n\n\n<p>Anl\u00e4sslich des 40.-j\u00e4hrigen Jubil\u00e4ums der Bobstartbahn Ohlstadt, fanden dort am 02.07.2022 die Bay. Meisterschaften im Bob-Anschub statt.<\/p>\n\n\n\n<p>Bei sch\u00f6nstem Wetter duellierten sich bei spannenden, teilweise zeitgleichen L\u00e4ufen, Laien aus der Leichtathletik, dem Kraftdreikampf und Ski Alpine Bereich sowie Bob-Profis an dieser idyllisch gelegenen Bahn. F\u00fcr die meisten der Teilnehmer war dies ihr erster Kontakt mit dem Bobsport, was mit hohen&nbsp;Preisgeldern&nbsp;belohnt wurde.<br>F\u00fcr die Erstplatzierten In der Klasse Neueinsteiger im Einzelanschub gab es je 500,00 \u20ac, f\u00fcr die Zweitplatzierten je 250,00 \u20ac und f\u00fcr die Drittplatzierten je 100,00 \u20ac Preisgeld, gesponsert vom BBSV.&nbsp;&nbsp;<br>Besonders die jungen Damen bewiesen viel Mut und Courage und stellten als Mixed-Team sogar ein 4er-Team.<\/p>\n\n\n\n<p>Selbstverst\u00e4ndlich war unser Sportler und Titelverteider Tobias Dostthaler mit seinem Bremser Paul&nbsp;Walschburger&nbsp;ebenfalls vertreten.<br>Leider verlor Tobis Dostthaler mit Paul&nbsp;Walschburger&nbsp;gegen seinen Dauerrivalen Laurin Zern mit Markus Kosok im ersten Lauf 0,01 sec und im 2. Lauf 0,02 sec.<br>Doch auch Laurin Zern konnte sich den Titel dieses Jahr nicht sichern, da der Lokalmatador Florian Bauer, 2maliger Silber-Olympia-Gewinner 2022,<br>mit seinem ehemaligen Piloten&nbsp;Dennis Pihale sich spontan mit einer Nachmeldung zu einem Start entschied. Obwohl Bauer mit&nbsp;Pihale&nbsp;(Gesamtzeit 9,14 sec) die Pl\u00e4tze tauschte und als Bremser fungierte, waren Zenz (9,36 sec) und Dostthaler (9,39 sec) chancenlos.<\/p>\n\n\n\n<p>Mit der Bayrischen Nationalhymne zur Siegerehrung ging eine gelungene Veranstaltung zu Ende.<\/p>\n\n\n\n<p class=\"has-medium-font-size\"><strong><a href=\"https:\/\/bc-bf.de\/?page_id=350\">Hier der Link zu den Bildern<\/a><\/strong><\/p>\n","protected":false},"excerpt":{"rendered":"<p>22.07.2023 Bayerische Bobanschubmeisterschaft Ohlstadt 2023 Am 22.07.23 fanden zum dritten Mal die offenen bayerischen Bobanschubmeisterschaften in Ohlstadt statt. Dabei wurde das breite Teilnehmerfeld in diesem Jahr von zahlreichen Fans, Interessierten und Schaulustigen unterst\u00fctzt. Wie auch in den Vorjahren gab es f\u00fcr die Podestpl\u00e4tze Sachgeschenke und Geldpr\u00e4mien f\u00fcr Neueinsteiger. Neben den bayerischen Athletinnen und Athleten reiste&hellip; <br \/> <a class=\"read-more\" href=\"https:\/\/bc-bf.de\/?page_id=106\">Weiterlesen<\/a><\/p>\n","protected":false},"author":2,"featured_media":0,"parent":0,"menu_order":0,"comment_status":"closed","ping_status":"closed","template":"","meta":{"footnotes":""},"class_list":["post-106","page","type-page","status-publish","hentry"],"jetpack_sharing_enabled":true,"_links":{"self":[{"href":"https:\/\/bc-bf.de\/index.php?rest_route=\/wp\/v2\/pages\/106","targetHints":{"allow":["GET"]}}],"collection":[{"href":"https:\/\/bc-bf.de\/index.php?rest_route=\/wp\/v2\/pages"}],"about":[{"href":"https:\/\/bc-bf.de\/index.php?rest_route=\/wp\/v2\/types\/page"}],"author":[{"embeddable":true,"href":"https:\/\/bc-bf.de\/index.php?rest_route=\/wp\/v2\/users\/2"}],"replies":[{"embeddable":true,"href":"https:\/\/bc-bf.de\/index.php?rest_route=%2Fwp%2Fv2%2Fcomments&post=106"}],"version-history":[{"count":37,"href":"https:\/\/bc-bf.de\/index.php?rest_route=\/wp\/v2\/pages\/106\/revisions"}],"predecessor-version":[{"id":559,"href":"https:\/\/bc-bf.de\/index.php?rest_route=\/wp\/v2\/pages\/106\/revisions\/559"}],"wp:attachment":[{"href":"https:\/\/bc-bf.de\/index.php?rest_route=%2Fwp%2Fv2%2Fmedia&parent=106"}],"curies":[{"name":"wp","href":"https:\/\/api.w.org\/{rel}","templated":true}]}}